{"id":532,"date":"2018-11-26T18:58:08","date_gmt":"2018-11-26T17:58:08","guid":{"rendered":"https:\/\/blog.cda-asso.com\/wp\/?page_id=532"},"modified":"2018-11-26T18:58:08","modified_gmt":"2018-11-26T17:58:08","slug":"politique-de-confidentialite","status":"publish","type":"page","link":"https:\/\/blog.cda-asso.com\/wp\/politique-de-confidentialite\/","title":{"rendered":"Politique de confidentialit\u00e9"},"content":{"rendered":"<h2>Qui sommes-nous\u00a0?<\/h2>\n<p class=\"privacy-policy-tutorial\">Dans cette section, indiquez l\u2019URL de votre site, votre nom ou celui de votre entreprise ou organisation ainsi que vos informations de contact.<\/p>\n<p class=\"privacy-policy-tutorial\">La quantit\u00e9 d\u2019informations que vous devez afficher d\u00e9pend de la r\u00e9glementation locale ou nationale \u00e0 laquelle vous \u00eates soumis. Vous pourriez par exemple devoir afficher une adresse physique, une adresse publique, ou le num\u00e9ro d\u2019enregistrement de votre entreprise.<\/p>\n<p><strong class=\"privacy-policy-tutorial\">Texte sugg\u00e9r\u00e9\u00a0: <\/strong>L\u2019adresse de notre site Web est\u00a0: https:\/\/blog.cda-asso.com\/wp.<\/p>\n<h2>Utilisation des donn\u00e9es personnelles collect\u00e9es<\/h2>\n<p class=\"privacy-policy-tutorial\">Dans cette section, indiquez les donn\u00e9es personnelles que vous collectez sur les utilisateurs et visiteurs de votre site. Cela pourrait comprendre les donn\u00e9es personnelles comme le nom, l\u2019adresse de messagerie, les pr\u00e9f\u00e9rences de compte personnel\u00a0; les donn\u00e9es transactionnelles comme les informations de commande\u00a0; et les donn\u00e9es techniques comme les informations sur les cookies.<\/p>\n<p class=\"privacy-policy-tutorial\">Vous devriez \u00e9galement inscrire toute collecte ou conservation de donn\u00e9es personnelles sensibles comme des donn\u00e9es m\u00e9dicales.<\/p>\n<p class=\"privacy-policy-tutorial\">En plus de lister les donn\u00e9es personnelles que vous collectez, vous devez indiquer pourquoi vous le faites. Ces explications doivent contenir soit les bases l\u00e9gales de la collecte et la conservation de donn\u00e9es, soit le consentement actif donn\u00e9 par l\u2019utilisateur ou l\u2019utilisatrice.<\/p>\n<p class=\"privacy-policy-tutorial\">Les donn\u00e9es personnelles ne sont pas cr\u00e9\u00e9es par les interactions de vos utilisateurs avec votre site. Elles sont g\u00e9n\u00e9r\u00e9es par un processus technique comme un formulaire de contact, les commentaires, les cookies ou l\u2019int\u00e9gration de services tiers.<\/p>\n<p class=\"privacy-policy-tutorial\">Par d\u00e9faut, WordPress ne collecte aucune donn\u00e9e personnelle sur les visiteurs, et ne collecte que les donn\u00e9es pr\u00e9sentes dans l\u2019\u00e9cran \u00ab\u00a0Votre Profil\u00a0\u00bb des utilisateurs enregistr\u00e9s. Cependant certaines de vos extensions peuvent collecter des donn\u00e9es personnelles. Dans ce cas, indiquez les informations ad\u00e9quates ci-dessous.<\/p>\n<h3>Commentaires<\/h3>\n<p class=\"privacy-policy-tutorial\">Dans cette sous-section, indiquez les informations qui sont r\u00e9cup\u00e9r\u00e9es via les commentaires. Nous avons indiqu\u00e9 les donn\u00e9es collect\u00e9es nativement par WordPress.<\/p>\n<p><strong class=\"privacy-policy-tutorial\">Texte sugg\u00e9r\u00e9\u00a0: <\/strong>Quand vous laissez un commentaire sur notre site web, les donn\u00e9es inscrites dans le formulaire de commentaire, mais aussi votre adresse IP et l\u2019agent utilisateur de votre navigateur sont collect\u00e9s pour nous aider \u00e0 la d\u00e9tection des commentaires ind\u00e9sirables.<\/p>\n<p>Une cha\u00eene anonymis\u00e9e cr\u00e9\u00e9e \u00e0 partir de votre adresse de messagerie (\u00e9galement appel\u00e9e hash) peut \u00eatre envoy\u00e9e au service Gravatar pour v\u00e9rifier si vous utilisez ce dernier. Les clauses de confidentialit\u00e9 du service Gravatar sont disponibles ici\u00a0: https:\/\/automattic.com\/privacy\/. Apr\u00e8s validation de votre commentaire, votre photo de profil sera visible publiquement \u00e0 cot\u00e9 de votre commentaire.<\/p>\n<h3>M\u00e9dias<\/h3>\n<p class=\"privacy-policy-tutorial\">Dans cette sous-section, indiquez les informations qui pourraient \u00eatre d\u00e9voil\u00e9es par les utilisateurs et utilisatrices pouvant t\u00e9l\u00e9verser des fichiers dans votre biblioth\u00e8que de m\u00e9dias. Les fichiers t\u00e9l\u00e9vers\u00e9s sont g\u00e9n\u00e9ralement accessibles publiquement.<\/p>\n<p><strong class=\"privacy-policy-tutorial\">Texte sugg\u00e9r\u00e9\u00a0: <\/strong>Si vous \u00eates un utilisateur ou une utilisatrice enregistr\u00e9\u00b7e et que vous t\u00e9l\u00e9versez des images sur le site web, nous vous conseillons d\u2019\u00e9viter de t\u00e9l\u00e9verser des images contenant des donn\u00e9es EXIF de coordonn\u00e9es GPS. Les visiteurs de votre site web peuvent t\u00e9l\u00e9charger et extraire des donn\u00e9es de localisation depuis ces images.<\/p>\n<h3>Formulaires de contact<\/h3>\n<p class=\"privacy-policy-tutorial\">Par d\u00e9faut, WordPress n\u2019inclut pas de formulaire de contact. Si vous utilisez une extension de formulaire de contact, utilisez cette sous-section pour indiquer quelles donn\u00e9es personnelles sont enregistr\u00e9es lors de la soumission du formulaire, et leur dur\u00e9e de conservation. Par exemple, vous pourriez indiquer que vous conservez les soumissions d\u2019un formulaire de contact pendant une p\u00e9riode donn\u00e9e pour les questions li\u00e9es au service client, mais que vous ne les utiliserez pas \u00e0 des fins commerciales.<\/p>\n<h3>Cookies<\/h3>\n<p class=\"privacy-policy-tutorial\">Dans cette sous-section, listez les cookies utilis\u00e9s par votre site, incluant ceux enregistr\u00e9s par vos extensions, les r\u00e9seaux sociaux et vos statistiques de visites. Nous avons indiqu\u00e9 les cookies que WordPress installe par d\u00e9faut.<\/p>\n<p><strong class=\"privacy-policy-tutorial\">Texte sugg\u00e9r\u00e9\u00a0: <\/strong>Si vous d\u00e9posez un commentaire sur notre site, il vous sera propos\u00e9 d\u2019enregistrer votre nom, adresse de messagerie et site web dans des cookies. C\u2019est uniquement pour votre confort afin de ne pas avoir \u00e0 saisir ces informations si vous d\u00e9posez un autre commentaire plus tard. Ces cookies expirent au bout d\u2019un an.<\/p>\n<p>Si vous avez un compte et que vous vous connectez sur ce site, un cookie temporaire sera cr\u00e9\u00e9 afin de d\u00e9terminer si votre navigateur accepte les cookies. Il ne contient pas de donn\u00e9es personnelles et sera supprim\u00e9 automatiquement \u00e0 la fermeture de votre navigateur.<\/p>\n<p>Lorsque vous vous connecterez, nous mettrons en place un certain nombre de cookies pour enregistrer vos informations de connexion et vos pr\u00e9f\u00e9rences d\u2019\u00e9cran. La dur\u00e9e de vie d\u2019un cookie de connexion est de deux jours, celle d\u2019un cookie d\u2019option d\u2019\u00e9cran est d\u2019un an. Si vous cochez \u00ab\u00a0Se souvenir de moi\u00a0\u00bb, votre cookie de connexion sera conserv\u00e9 pendant deux semaines. Si vous vous d\u00e9connectez de votre compte, le cookie de connexion sera effac\u00e9.<\/p>\n<p>En modifiant ou en publiant une publication, un cookie suppl\u00e9mentaire sera enregistr\u00e9 dans votre navigateur. Ce cookie ne comprend aucune donn\u00e9e personnelle. Il indique simplement l\u2019ID de la publication que vous venez de modifier. Il expire au bout d\u2019un jour.<\/p>\n<h3>Contenu embarqu\u00e9 depuis d\u2019autres sites<\/h3>\n<p><strong class=\"privacy-policy-tutorial\">Texte sugg\u00e9r\u00e9\u00a0: <\/strong>Les articles de ce site peuvent inclure des contenus int\u00e9gr\u00e9s (par exemple des vid\u00e9os, images, articles\u2026). Le contenu int\u00e9gr\u00e9 depuis d\u2019autres sites se comporte de la m\u00eame mani\u00e8re que si le visiteur se rendait sur cet autre site.<\/p>\n<p>Ces sites web pourraient collecter des donn\u00e9es sur vous, utiliser des cookies, embarquer des outils de suivis tiers, suivre vos interactions avec ces contenus embarqu\u00e9s si vous disposez d\u2019un compte connect\u00e9 sur leur site web.<\/p>\n<h3>Statistiques et mesures d\u2019audience<\/h3>\n<p class=\"privacy-policy-tutorial\">Dans cette sous-section, indiquez les outils de statistiques que vous utilisez pour vos mesures d\u2019audience, et le cas \u00e9ch\u00e9ant faites un lien vers la politique de confidentialit\u00e9 de votre fournisseur.<\/p>\n<p class=\"privacy-policy-tutorial\">Par d\u00e9faut, WordPress ne collecte aucune statistique des visites. Cependant de nombreux h\u00e9bergeurs collectent des donn\u00e9es statistiques anonymes. Vous pouvez \u00e9galement avoir install\u00e9 une extension WordPress qui fourni des services de statistiques. Dans ce cas, indiquez les informations sur cette extension ici.<\/p>\n<h2>Utilisation et transmission de vos donn\u00e9es personnelles<\/h2>\n<p class=\"privacy-policy-tutorial\">Dans cette section, listez et nommez tous les fournisseurs tiers avec qui vous partagez les donn\u00e9es de votre site, en incluant les partenaires, les services en \u00ab\u00a0cloud\u00a0\u00bb, les passerelles de paiement, et tous les autres services tiers. Indiquez les donn\u00e9es que vous partagez et pourquoi vous le faites. Mettez un lien vers leur politique de confidentialit\u00e9 si possible.<\/p>\n<p class=\"privacy-policy-tutorial\">Par d\u00e9faut, WordPress ne partage vos informations personnelles avec personne.<\/p>\n<h2>Dur\u00e9es de stockage de vos donn\u00e9es<\/h2>\n<p class=\"privacy-policy-tutorial\">Dans cette section, indiquez la dur\u00e9e de conservation des donn\u00e9es personnelles collect\u00e9es et trait\u00e9es par votre site web. M\u00eame s\u2019il est de votre responsabilit\u00e9 de fournir un planning de conservation de chaque jeu de donn\u00e9es dont vous disposez, cette information n\u2019a pas besoin d\u2019\u00eatre affich\u00e9e ici. Par exemple, vous pourriez indiquer que vous conservez les donn\u00e9es re\u00e7ues via vos formulaires de contact pendant six mois, les statistiques de visites pendant un an et les enregistrements li\u00e9s aux ventes en ligne pendant dix ans.<\/p>\n<p><strong class=\"privacy-policy-tutorial\">Texte sugg\u00e9r\u00e9\u00a0: <\/strong>Si vous laissez un commentaire, le commentaire et ses m\u00e9tadonn\u00e9es sont conserv\u00e9s ind\u00e9finiment. Cela permet de reconna\u00eetre et approuver automatiquement les commentaires suivants au lieu de les laisser dans la file de mod\u00e9ration.<\/p>\n<p>Pour les utilisateurs et utilisatrices qui s\u2019enregistrent sur notre site (si cela est possible), nous stockons \u00e9galement les donn\u00e9es personnelles indiqu\u00e9es dans leur profil. Tous les utilisateurs et utilisatrices peuvent voir, modifier ou supprimer leurs informations personnelles \u00e0 tout moment (\u00e0 l\u2019exception de leur nom d\u2019utilisateur\u00b7ice). Les gestionnaires du site peuvent aussi voir et modifier ces informations.<\/p>\n<h2>Les droits que vous avez sur vos donn\u00e9es<\/h2>\n<p class=\"privacy-policy-tutorial\">Dans cette section, indiquez les droits de vos utilisateurs et utilisatrices concernant leurs donn\u00e9es et comment ils et elles peuvent exercer ces droits.<\/p>\n<p><strong class=\"privacy-policy-tutorial\">Texte sugg\u00e9r\u00e9\u00a0: <\/strong>Si vous avez un compte ou si vous avez laiss\u00e9 des commentaires sur le site, vous pouvez demander \u00e0 recevoir un fichier contenant toutes les donn\u00e9es personnelles que nous poss\u00e9dons \u00e0 votre sujet, incluant celles que vous nous avez fournies. Vous pouvez \u00e9galement demander la suppression des donn\u00e9es personnelles vous concernant. Cela ne prend pas en compte les donn\u00e9es stock\u00e9es \u00e0 des fins administratives, l\u00e9gales ou pour des raisons de s\u00e9curit\u00e9.<\/p>\n<h2>Transmission de vos donn\u00e9es personnelles<\/h2>\n<p class=\"privacy-policy-tutorial\">Listez dans cette section tous les transferts de donn\u00e9es de votre site vers l\u2019ext\u00e9rieur de l\u2019Union Europ\u00e9enne et d\u00e9crire en quoi ces donn\u00e9es sont prot\u00e9g\u00e9es au regard des standards europ\u00e9ens de protection des donn\u00e9es priv\u00e9es. Cela peut inclure votre h\u00e9bergeur web, le stockage en \u00ab\u00a0cloud\u00a0\u00bb ou d\u2019autres services tiers.<\/p>\n<p class=\"privacy-policy-tutorial\">La loi europ\u00e9enne de protection des donn\u00e9es n\u00e9cessite que les donn\u00e9es de r\u00e9sidents europ\u00e9ens transf\u00e9r\u00e9es en dehors de l\u2019Union Europ\u00e9enne soient prot\u00e9g\u00e9es dans les m\u00eames conditions que si elles \u00e9taient en Europe. En plus de lister les endroits o\u00f9 vont les donn\u00e9es, vous devriez d\u00e9crire comment vous vous assurez, par vous ou par vos sous-traitants, de la mise en conformit\u00e9 avec ces standards, soit par un accord comme le Privacy Shield (Bouclier de Protection des Donn\u00e9es UE\/\u00c9tats-Unis), des clauses dans vos contrats ou des r\u00e8gles d\u2019entreprise contraignantes.<\/p>\n<p><strong class=\"privacy-policy-tutorial\">Texte sugg\u00e9r\u00e9\u00a0: <\/strong>Les commentaires des visiteurs peuvent \u00eatre v\u00e9rifi\u00e9s \u00e0 l\u2019aide d\u2019un service automatis\u00e9 de d\u00e9tection des commentaires ind\u00e9sirables.<\/p>\n<h2>Informations de contact<\/h2>\n<p class=\"privacy-policy-tutorial\">Dans cette section, indiquez la m\u00e9thode de contact disponible pour les demandes concernant la vie priv\u00e9e. Si vous devez avoir un D\u00e9l\u00e9gu\u00e9 \u00e0 la Protection des Donn\u00e9es, indiquez \u00e9galement son nom et ses coordonn\u00e9es d\u00e9taill\u00e9es.<\/p>\n<h2>Informations suppl\u00e9mentaires<\/h2>\n<p class=\"privacy-policy-tutorial\">Si vous utilisez votre site web dans un but commercial et que vous vous engagez dans la collecte et le traitement de donn\u00e9es personnelles plus complexes, vous devriez indiquer les informations suivantes dans votre d\u00e9claration de protection de la vie priv\u00e9e, en plus des informations d\u00e9taill\u00e9es pr\u00e9c\u00e9demment.<\/p>\n<h3>Comment nous prot\u00e9geons vos donn\u00e9es<\/h3>\n<p class=\"privacy-policy-tutorial\">Dans cette section, indiquez les mesures que vous avez prises pour prot\u00e9ger les donn\u00e9es de vos utilisateurs. Cela peut inclure des mesures techniques comme le chiffrement, des mesures de s\u00e9curit\u00e9 comme l\u2019authentification \u00e0 deux facteurs ou des mesures humaines comme la mise en place d\u2019une \u00e9quipe form\u00e9e \u00e0 la protection des donn\u00e9es. Si vous avez men\u00e9 une analyse d\u2019impact li\u00e9e \u00e0 la fuite de donn\u00e9es priv\u00e9es, vous pouvez \u00e9galement l\u2019indiquer ici.<\/p>\n<h3>Proc\u00e9dures mises en \u0153uvre en cas de fuite de donn\u00e9es<\/h3>\n<p class=\"privacy-policy-tutorial\">Dans cette section, indiquez les proc\u00e9dures que vous avez mises en place en cas de fuites de donn\u00e9es, soit potentielles, soit r\u00e9elles, comme les syst\u00e8mes internes de notification, les m\u00e9canismes de contact ou les r\u00e9compenses \u00e9ventuellement pr\u00e9vues pour les \u00ab\u00a0chasseurs de bogues\u00a0\u00bb.<\/p>\n<h3>Les services tiers qui nous transmettent des donn\u00e9es<\/h3>\n<p class=\"privacy-policy-tutorial\">Si votre site web re\u00e7oit des donn\u00e9es utilisateurs depuis des sources tierces \u2013\u00a0ce qui inclus les sources publicitaires\u00a0\u2013 ces informations doivent \u00eatre incluses dans la section sur les donn\u00e9es issues de sources tierces de votre d\u00e9claration de protection de la vie priv\u00e9e.<\/p>\n<h3>Op\u00e9rations de marketing automatis\u00e9 et\/ou de profilage r\u00e9alis\u00e9es \u00e0 l\u2019aide des donn\u00e9es personnelles<\/h3>\n<p class=\"privacy-policy-tutorial\">Si votre site web fourni un service qui inclus la prise de d\u00e9cision automatis\u00e9e \u2013\u00a0par exemple, autoriser vos clients \u00e0 souscrire \u00e0 un cr\u00e9dit ou agr\u00e9ger leurs donn\u00e9es dans un profil publicitaire\u00a0\u2013 vous devez expliciter ce qui est mis en place et inclure des informations sur la fa\u00e7on dont les informations sont utilis\u00e9es, quelles d\u00e9cisions sont prises avec ces donn\u00e9es agr\u00e9g\u00e9es et quels sont les droits dont disposent les utilisateurs sur les d\u00e9cisions prises sans intervention humaine.<\/p>\n<h3>Affichage des informations li\u00e9es aux secteurs soumis \u00e0 des r\u00e9gulations sp\u00e9cifiques<\/h3>\n<p class=\"privacy-policy-tutorial\">Si vous \u00eates membre d\u2019une industrie r\u00e9gul\u00e9e, ou si vous \u00eates sujet \u00e0 des r\u00e9glementations sp\u00e9cifiques, il est probablement n\u00e9cessaire d\u2019afficher ces informations ici.<\/p>\n","protected":false},"excerpt":{"rendered":"<p>Qui sommes-nous\u00a0? Dans cette section, indiquez l\u2019URL de votre site, votre nom ou celui de votre entreprise ou organisation ainsi que vos informations de contact. La quantit\u00e9 d\u2019informations que vous devez afficher d\u00e9pend de la r\u00e9glementation locale ou nationale \u00e0 laquelle vous \u00eates soumis. Vous pourriez par exemple devoir afficher&hellip;<a href=\"https:\/\/blog.cda-asso.com\/wp\/politique-de-confidentialite\/\" class=\"more-link\">Continue reading <span class=\"screen-reader-text\">Politique de confidentialit\u00e9<\/span><\/a><\/p>\n","protected":false},"author":1,"featured_media":0,"parent":0,"menu_order":0,"comment_status":"closed","ping_status":"closed","template":"","meta":{"_crdt_document":"","footnotes":""},"class_list":["post-532","page","type-page","status-publish","hentry"],"_links":{"self":[{"href":"https:\/\/blog.cda-asso.com\/wp\/wp-json\/wp\/v2\/pages\/532","targetHints":{"allow":["GET"]}}],"collection":[{"href":"https:\/\/blog.cda-asso.com\/wp\/wp-json\/wp\/v2\/pages"}],"about":[{"href":"https:\/\/blog.cda-asso.com\/wp\/wp-json\/wp\/v2\/types\/page"}],"author":[{"embeddable":true,"href":"https:\/\/blog.cda-asso.com\/wp\/wp-json\/wp\/v2\/users\/1"}],"replies":[{"embeddable":true,"href":"https:\/\/blog.cda-asso.com\/wp\/wp-json\/wp\/v2\/comments?post=532"}],"version-history":[{"count":1,"href":"https:\/\/blog.cda-asso.com\/wp\/wp-json\/wp\/v2\/pages\/532\/revisions"}],"predecessor-version":[{"id":534,"href":"https:\/\/blog.cda-asso.com\/wp\/wp-json\/wp\/v2\/pages\/532\/revisions\/534"}],"wp:attachment":[{"href":"https:\/\/blog.cda-asso.com\/wp\/wp-json\/wp\/v2\/media?parent=532"}],"curies":[{"name":"wp","href":"https:\/\/api.w.org\/{rel}","templated":true}]}}